{"id":1264,"date":"2022-09-23T16:08:39","date_gmt":"2022-09-23T14:08:39","guid":{"rendered":"https:\/\/diakowska.com\/?page_id=1264"},"modified":"2025-11-07T12:59:24","modified_gmt":"2025-11-07T11:59:24","slug":"anna-smolowik","status":"publish","type":"page","link":"https:\/\/diakowska.com\/?page_id=1264","title":{"rendered":"Anna Smo\u0142owik"},"content":{"rendered":"\t\t<div data-elementor-type=\"wp-page\" data-elementor-id=\"1264\" class=\"elementor elementor-1264\" data-elementor-settings=\"[]\">\n\t\t\t\t\t\t<div class=\"elementor-inner\">\n\t\t\t\t\t\t\t<div class=\"elementor-section-wrap\">\n\t\t\t\t\t\t\t<section class=\"elementor-section elementor-top-section elementor-element elementor-element-13827ef elementor-section-boxed elementor-section-height-default elementor-section-height-default\" data-id=\"13827ef\" data-element_type=\"section\">\n\t\t\t\t\t\t<div class=\"elementor-container elementor-column-gap-default\">\n\t\t\t\t\t\t\t<div class=\"elementor-row\">\n\t\t\t\t\t<div class=\"elementor-column elementor-col-100 elementor-top-column elementor-element elementor-element-84ace7a\" data-id=\"84ace7a\" data-element_type=\"column\">\n\t\t\t<div class=\"elementor-column-wrap elementor-element-populated\">\n\t\t\t\t\t\t\t<div class=\"elementor-widget-wrap\">\n\t\t\t\t\t\t<div class=\"elementor-element elementor-element-a864053 elementor-widget elementor-widget-heading\" data-id=\"a864053\" data-element_type=\"widget\" data-widget_type=\"heading.default\">\n\t\t\t\t<div class=\"elementor-widget-container\">\n\t\t\t<h1 class=\"elementor-heading-title elementor-size-xl\">Anna Smo\u0142owik<\/h1>\t\t<\/div>\n\t\t\t\t<\/div>\n\t\t\t\t\t\t<\/div>\n\t\t\t\t\t<\/div>\n\t\t<\/div>\n\t\t\t\t\t\t\t\t<\/div>\n\t\t\t\t\t<\/div>\n\t\t<\/section>\n\t\t\t\t<section class=\"elementor-section elementor-top-section elementor-element elementor-element-4a4ecf2 elementor-section-boxed elementor-section-height-default elementor-section-height-default\" data-id=\"4a4ecf2\" data-element_type=\"section\">\n\t\t\t\t\t\t<div class=\"elementor-container elementor-column-gap-default\">\n\t\t\t\t\t\t\t<div class=\"elementor-row\">\n\t\t\t\t\t<div class=\"elementor-column elementor-col-100 elementor-top-column elementor-element elementor-element-f59538c\" data-id=\"f59538c\" data-element_type=\"column\">\n\t\t\t<div class=\"elementor-column-wrap elementor-element-populated\">\n\t\t\t\t\t\t\t<div class=\"elementor-widget-wrap\">\n\t\t\t\t\t\t<div class=\"elementor-element elementor-element-762ac16 elementor-widget elementor-widget-image\" data-id=\"762ac16\" data-element_type=\"widget\" data-widget_type=\"image.default\">\n\t\t\t\t<div class=\"elementor-widget-container\">\n\t\t\t\t\t<div class=\"elementor-image\">\n\t\t\t\t\t\t\t\t\t\t<img width=\"683\" height=\"1024\" src=\"https:\/\/diakowska.com\/wp-content\/uploads\/2022\/09\/Unknown-1-683x1024.jpeg\" class=\"attachment-large size-large\" alt=\"\" loading=\"lazy\" srcset=\"https:\/\/diakowska.com\/wp-content\/uploads\/2022\/09\/Unknown-1-683x1024.jpeg 683w, https:\/\/diakowska.com\/wp-content\/uploads\/2022\/09\/Unknown-1-200x300.jpeg 200w, https:\/\/diakowska.com\/wp-content\/uploads\/2022\/09\/Unknown-1-768x1152.jpeg 768w, https:\/\/diakowska.com\/wp-content\/uploads\/2022\/09\/Unknown-1-1024x1536.jpeg 1024w, https:\/\/diakowska.com\/wp-content\/uploads\/2022\/09\/Unknown-1.jpeg 1080w\" sizes=\"(max-width: 683px) 100vw, 683px\" \/>\t\t\t\t\t\t\t\t\t\t\t<\/div>\n\t\t\t\t<\/div>\n\t\t\t\t<\/div>\n\t\t\t\t\t\t<\/div>\n\t\t\t\t\t<\/div>\n\t\t<\/div>\n\t\t\t\t\t\t\t\t<\/div>\n\t\t\t\t\t<\/div>\n\t\t<\/section>\n\t\t\t\t<section class=\"elementor-section elementor-top-section elementor-element elementor-element-32a0675 elementor-section-boxed elementor-section-height-default elementor-section-height-default\" data-id=\"32a0675\" data-element_type=\"section\">\n\t\t\t\t\t\t<div class=\"elementor-container elementor-column-gap-default\">\n\t\t\t\t\t\t\t<div class=\"elementor-row\">\n\t\t\t\t\t<div class=\"elementor-column elementor-col-100 elementor-top-column elementor-element elementor-element-670ef14\" data-id=\"670ef14\" data-element_type=\"column\">\n\t\t\t<div class=\"elementor-column-wrap elementor-element-populated\">\n\t\t\t\t\t\t\t<div class=\"elementor-widget-wrap\">\n\t\t\t\t\t\t<div class=\"elementor-element elementor-element-a027226 elementor-widget elementor-widget-heading\" data-id=\"a027226\" data-element_type=\"widget\" data-widget_type=\"heading.default\">\n\t\t\t\t<div class=\"elementor-widget-container\">\n\t\t\t<h1 class=\"elementor-heading-title elementor-size-xl\">Galeria Zdj\u0119\u0107<\/h1>\t\t<\/div>\n\t\t\t\t<\/div>\n\t\t\t\t\t\t<\/div>\n\t\t\t\t\t<\/div>\n\t\t<\/div>\n\t\t\t\t\t\t\t\t<\/div>\n\t\t\t\t\t<\/div>\n\t\t<\/section>\n\t\t\t\t<section class=\"elementor-section elementor-top-section elementor-element elementor-element-e0cc64e elementor-section-boxed elementor-section-height-default elementor-section-height-default\" data-id=\"e0cc64e\" data-element_type=\"section\">\n\t\t\t\t\t\t<div class=\"elementor-container elementor-column-gap-default\">\n\t\t\t\t\t\t\t<div class=\"elementor-row\">\n\t\t\t\t\t<div class=\"elementor-column elementor-col-100 elementor-top-column elementor-element elementor-element-7346809\" data-id=\"7346809\" data-element_type=\"column\">\n\t\t\t<div class=\"elementor-column-wrap elementor-element-populated\">\n\t\t\t\t\t\t\t<div class=\"elementor-widget-wrap\">\n\t\t\t\t\t\t<div class=\"elementor-element elementor-element-fdc6081 elementor-widget elementor-widget-gallery\" data-id=\"fdc6081\" data-element_type=\"widget\" data-settings=\"{&quot;gallery_layout&quot;:&quot;masonry&quot;,&quot;columns&quot;:2,&quot;gap&quot;:{&quot;unit&quot;:&quot;px&quot;,&quot;size&quot;:8,&quot;sizes&quot;:[]},&quot;overlay_description&quot;:&quot;caption&quot;,&quot;lazyload&quot;:&quot;yes&quot;,&quot;columns_tablet&quot;:2,&quot;columns_mobile&quot;:1,&quot;gap_tablet&quot;:{&quot;unit&quot;:&quot;px&quot;,&quot;size&quot;:10,&quot;sizes&quot;:[]},&quot;gap_mobile&quot;:{&quot;unit&quot;:&quot;px&quot;,&quot;size&quot;:10,&quot;sizes&quot;:[]},&quot;link_to&quot;:&quot;file&quot;,&quot;overlay_background&quot;:&quot;yes&quot;,&quot;content_hover_animation&quot;:&quot;fade-in&quot;}\" data-widget_type=\"gallery.default\">\n\t\t\t\t<div class=\"elementor-widget-container\">\n\t\t\t\t\t<div class=\"elementor-gallery__container\">\n\t\t\t\t\t\t\t<a class=\"e-gallery-item elementor-gallery-item elementor-animated-content\" href=\"https:\/\/diakowska.com\/wp-content\/uploads\/2022\/09\/Zrzut-ekranu-2022-09-23-o-15.27.42.png\" data-elementor-open-lightbox=\"yes\" data-elementor-lightbox-slideshow=\"all-fdc6081\" data-elementor-lightbox-title=\"Zrzut ekranu 2022-09-23 o 15.27.42\">\n\t\t\t\t\t<div class=\"e-gallery-image elementor-gallery-item__image\" data-thumbnail=\"https:\/\/diakowska.com\/wp-content\/uploads\/2022\/09\/Zrzut-ekranu-2022-09-23-o-15.27.42-768x1164.png\" data-width=\"768\" data-height=\"1164\" alt=\"\" ><\/div>\n\t\t\t\t\t\t\t\t\t\t<div class=\"elementor-gallery-item__overlay\"><\/div>\n\t\t\t\t\t\t\t\t\t\t\t\t\t\t\t<div class=\"elementor-gallery-item__content\">\n\t\t\t\t\t\t\t\t\t\t\t\t\t<div class=\"elementor-gallery-item__description\">Rodzina Na Maksa re\u017c.Maria Sadowska \u00a9Polsat<\/div>\n\t\t\t\t\t\t\t\t\t\t\t\t<\/div>\n\t\t\t\t\t\t\t\t\t<\/a>\n\t\t\t\t\t\t\t<a class=\"e-gallery-item elementor-gallery-item elementor-animated-content\" href=\"https:\/\/diakowska.com\/wp-content\/uploads\/2022\/09\/Zrzut-ekranu-2022-09-23-o-16.16.17.png\" data-elementor-open-lightbox=\"yes\" data-elementor-lightbox-slideshow=\"all-fdc6081\" data-elementor-lightbox-title=\"Zrzut ekranu 2022-09-23 o 16.16.17\">\n\t\t\t\t\t<div class=\"e-gallery-image elementor-gallery-item__image\" data-thumbnail=\"https:\/\/diakowska.com\/wp-content\/uploads\/2022\/09\/Zrzut-ekranu-2022-09-23-o-16.16.17-768x376.png\" data-width=\"768\" data-height=\"376\" alt=\"\" ><\/div>\n\t\t\t\t\t\t\t\t\t\t<div class=\"elementor-gallery-item__overlay\"><\/div>\n\t\t\t\t\t\t\t\t\t\t\t\t\t\t\t<div class=\"elementor-gallery-item__content\">\n\t\t\t\t\t\t\t\t\t\t\t\t\t<div class=\"elementor-gallery-item__description\">\"W jak Morderstwo\" re\u017c. Piotr Mularuk<\/div>\n\t\t\t\t\t\t\t\t\t\t\t\t<\/div>\n\t\t\t\t\t\t\t\t\t<\/a>\n\t\t\t\t\t\t\t<a class=\"e-gallery-item elementor-gallery-item elementor-animated-content\" href=\"https:\/\/diakowska.com\/wp-content\/uploads\/2022\/09\/Unknown-3.jpeg\" data-elementor-open-lightbox=\"yes\" data-elementor-lightbox-slideshow=\"all-fdc6081\" data-elementor-lightbox-title=\"Unknown-3\">\n\t\t\t\t\t<div class=\"e-gallery-image elementor-gallery-item__image\" data-thumbnail=\"https:\/\/diakowska.com\/wp-content\/uploads\/2022\/09\/Unknown-3-768x1152.jpeg\" data-width=\"768\" data-height=\"1152\" alt=\"\" ><\/div>\n\t\t\t\t\t\t\t\t\t\t<div class=\"elementor-gallery-item__overlay\"><\/div>\n\t\t\t\t\t\t\t\t\t\t\t\t\t\t\t<div class=\"elementor-gallery-item__content\">\n\t\t\t\t\t\t\t\t\t\t\t<\/div>\n\t\t\t\t\t\t\t\t\t<\/a>\n\t\t\t\t\t\t\t<a class=\"e-gallery-item elementor-gallery-item elementor-animated-content\" href=\"https:\/\/diakowska.com\/wp-content\/uploads\/2022\/09\/Unknown-4.jpeg\" data-elementor-open-lightbox=\"yes\" data-elementor-lightbox-slideshow=\"all-fdc6081\" data-elementor-lightbox-title=\"Unknown-4\">\n\t\t\t\t\t<div class=\"e-gallery-image elementor-gallery-item__image\" data-thumbnail=\"https:\/\/diakowska.com\/wp-content\/uploads\/2022\/09\/Unknown-4-768x512.jpeg\" data-width=\"768\" data-height=\"512\" alt=\"\" ><\/div>\n\t\t\t\t\t\t\t\t\t\t<div class=\"elementor-gallery-item__overlay\"><\/div>\n\t\t\t\t\t\t\t\t\t\t\t\t\t\t\t<div class=\"elementor-gallery-item__content\">\n\t\t\t\t\t\t\t\t\t\t\t<\/div>\n\t\t\t\t\t\t\t\t\t<\/a>\n\t\t\t\t\t\t\t<a class=\"e-gallery-item elementor-gallery-item elementor-animated-content\" href=\"https:\/\/diakowska.com\/wp-content\/uploads\/2022\/09\/Unknown-2.jpeg\" data-elementor-open-lightbox=\"yes\" data-elementor-lightbox-slideshow=\"all-fdc6081\" data-elementor-lightbox-title=\"Unknown-2\">\n\t\t\t\t\t<div class=\"e-gallery-image elementor-gallery-item__image\" data-thumbnail=\"https:\/\/diakowska.com\/wp-content\/uploads\/2022\/09\/Unknown-2-768x1152.jpeg\" data-width=\"768\" data-height=\"1152\" alt=\"\" ><\/div>\n\t\t\t\t\t\t\t\t\t\t<div class=\"elementor-gallery-item__overlay\"><\/div>\n\t\t\t\t\t\t\t\t\t\t\t\t\t\t\t<div class=\"elementor-gallery-item__content\">\n\t\t\t\t\t\t\t\t\t\t\t<\/div>\n\t\t\t\t\t\t\t\t\t<\/a>\n\t\t\t\t\t\t\t<a class=\"e-gallery-item elementor-gallery-item elementor-animated-content\" href=\"https:\/\/diakowska.com\/wp-content\/uploads\/2022\/09\/2017_06_08_0P5A3811_BW.jpg\" data-elementor-open-lightbox=\"yes\" data-elementor-lightbox-slideshow=\"all-fdc6081\" data-elementor-lightbox-title=\"2017_06_08_0P5A3811_BW\">\n\t\t\t\t\t<div class=\"e-gallery-image elementor-gallery-item__image\" data-thumbnail=\"https:\/\/diakowska.com\/wp-content\/uploads\/2022\/09\/2017_06_08_0P5A3811_BW-768x1104.jpg\" data-width=\"768\" data-height=\"1104\" alt=\"\" ><\/div>\n\t\t\t\t\t\t\t\t\t\t<div class=\"elementor-gallery-item__overlay\"><\/div>\n\t\t\t\t\t\t\t\t\t\t\t\t\t\t\t<div class=\"elementor-gallery-item__content\">\n\t\t\t\t\t\t\t\t\t\t\t<\/div>\n\t\t\t\t\t\t\t\t\t<\/a>\n\t\t\t\t\t\t\t<a class=\"e-gallery-item elementor-gallery-item elementor-animated-content\" href=\"https:\/\/diakowska.com\/wp-content\/uploads\/2022\/09\/Unknown-7.jpeg\" data-elementor-open-lightbox=\"yes\" data-elementor-lightbox-slideshow=\"all-fdc6081\" data-elementor-lightbox-title=\"Unknown-7\">\n\t\t\t\t\t<div class=\"e-gallery-image elementor-gallery-item__image\" data-thumbnail=\"https:\/\/diakowska.com\/wp-content\/uploads\/2022\/09\/Unknown-7-768x960.jpeg\" data-width=\"768\" data-height=\"960\" alt=\"\" ><\/div>\n\t\t\t\t\t\t\t\t\t\t<div class=\"elementor-gallery-item__overlay\"><\/div>\n\t\t\t\t\t\t\t\t\t\t\t\t\t\t\t<div class=\"elementor-gallery-item__content\">\n\t\t\t\t\t\t\t\t\t\t\t<\/div>\n\t\t\t\t\t\t\t\t\t<\/a>\n\t\t\t\t\t<\/div>\n\t\t\t<\/div>\n\t\t\t\t<\/div>\n\t\t\t\t\t\t<\/div>\n\t\t\t\t\t<\/div>\n\t\t<\/div>\n\t\t\t\t\t\t\t\t<\/div>\n\t\t\t\t\t<\/div>\n\t\t<\/section>\n\t\t\t\t<section class=\"elementor-section elementor-top-section elementor-element elementor-element-705f8b1 elementor-section-boxed elementor-section-height-default elementor-section-height-default\" data-id=\"705f8b1\" data-element_type=\"section\">\n\t\t\t\t\t\t<div class=\"elementor-container elementor-column-gap-default\">\n\t\t\t\t\t\t\t<div class=\"elementor-row\">\n\t\t\t\t\t<div class=\"elementor-column elementor-col-100 elementor-top-column elementor-element elementor-element-dc798f7\" data-id=\"dc798f7\" data-element_type=\"column\">\n\t\t\t<div class=\"elementor-column-wrap elementor-element-populated\">\n\t\t\t\t\t\t\t<div class=\"elementor-widget-wrap\">\n\t\t\t\t\t\t<div class=\"elementor-element elementor-element-a5fddcc elementor-aspect-ratio-169 elementor-widget elementor-widget-video\" data-id=\"a5fddcc\" data-element_type=\"widget\" data-settings=\"{&quot;aspect_ratio&quot;:&quot;169&quot;}\" data-widget_type=\"video.default\">\n\t\t\t\t<div class=\"elementor-widget-container\">\n\t\t\t\t\t<div class=\"elementor-wrapper elementor-fit-aspect-ratio elementor-open-inline\">\n\t\t\t<iframe class=\"elementor-video-iframe\" allowfullscreen title=\"youtube Video Player\" data-lazy-load=\"https:\/\/www.youtube.com\/embed\/RIvhYeoGfek?feature=oembed&amp;start&amp;end&amp;wmode=opaque&amp;loop=0&amp;controls=1&amp;mute=0&amp;rel=0&amp;modestbranding=0\"><\/iframe>\t\t\t\t<div class=\"elementor-custom-embed-image-overlay\" style=\"background-image: url();\">\n\t\t\t\t\t\t\t\t\t\t\t\t\t\t\t\t<div class=\"elementor-custom-embed-play\" role=\"button\">\n\t\t\t\t\t\t\t<i class=\"eicon-play\" aria-hidden=\"true\"><\/i>\n\t\t\t\t\t\t\t<span class=\"elementor-screen-only\">Odtw\u00f3rz wideo<\/span>\n\t\t\t\t\t\t<\/div>\n\t\t\t\t\t\t\t\t\t<\/div>\n\t\t\t\t\t<\/div>\n\t\t\t\t<\/div>\n\t\t\t\t<\/div>\n\t\t\t\t\t\t<\/div>\n\t\t\t\t\t<\/div>\n\t\t<\/div>\n\t\t\t\t\t\t\t\t<\/div>\n\t\t\t\t\t<\/div>\n\t\t<\/section>\n\t\t\t\t<section class=\"elementor-section elementor-top-section elementor-element elementor-element-533ca39 elementor-section-boxed elementor-section-height-default elementor-section-height-default\" data-id=\"533ca39\" data-element_type=\"section\">\n\t\t\t\t\t\t<div class=\"elementor-container elementor-column-gap-default\">\n\t\t\t\t\t\t\t<div class=\"elementor-row\">\n\t\t\t\t\t<div class=\"elementor-column elementor-col-66 elementor-top-column elementor-element elementor-element-e845a26\" data-id=\"e845a26\" data-element_type=\"column\">\n\t\t\t<div class=\"elementor-column-wrap elementor-element-populated\">\n\t\t\t\t\t\t\t<div class=\"elementor-widget-wrap\">\n\t\t\t\t\t\t<div class=\"elementor-element elementor-element-44ed4e4 elementor-widget elementor-widget-heading\" data-id=\"44ed4e4\" data-element_type=\"widget\" data-widget_type=\"heading.default\">\n\t\t\t\t<div class=\"elementor-widget-container\">\n\t\t\t<h1 class=\"elementor-heading-title elementor-size-xl\">Filmografia<\/h1>\t\t<\/div>\n\t\t\t\t<\/div>\n\t\t\t\t\t\t<\/div>\n\t\t\t\t\t<\/div>\n\t\t<\/div>\n\t\t\t\t<div class=\"elementor-column elementor-col-33 elementor-top-column elementor-element elementor-element-3dcbc2a\" data-id=\"3dcbc2a\" data-element_type=\"column\">\n\t\t\t<div class=\"elementor-column-wrap elementor-element-populated\">\n\t\t\t\t\t\t\t<div class=\"elementor-widget-wrap\">\n\t\t\t\t\t\t<div class=\"elementor-element elementor-element-4e5aae3 elementor-widget elementor-widget-heading\" data-id=\"4e5aae3\" data-element_type=\"widget\" data-widget_type=\"heading.default\">\n\t\t\t\t<div class=\"elementor-widget-container\">\n\t\t\t<h1 class=\"elementor-heading-title elementor-size-xl\">Nagrody<\/h1>\t\t<\/div>\n\t\t\t\t<\/div>\n\t\t\t\t\t\t<\/div>\n\t\t\t\t\t<\/div>\n\t\t<\/div>\n\t\t\t\t\t\t\t\t<\/div>\n\t\t\t\t\t<\/div>\n\t\t<\/section>\n\t\t\t\t<section class=\"elementor-section elementor-top-section elementor-element elementor-element-018eb75 elementor-section-boxed elementor-section-height-default elementor-section-height-default\" data-id=\"018eb75\" data-element_type=\"section\">\n\t\t\t\t\t\t<div class=\"elementor-container elementor-column-gap-default\">\n\t\t\t\t\t\t\t<div class=\"elementor-row\">\n\t\t\t\t\t<div class=\"elementor-column elementor-col-66 elementor-top-column elementor-element elementor-element-42a460d\" data-id=\"42a460d\" data-element_type=\"column\">\n\t\t\t<div class=\"elementor-column-wrap elementor-element-populated\">\n\t\t\t\t\t\t\t<div class=\"elementor-widget-wrap\">\n\t\t\t\t\t\t<div class=\"elementor-element elementor-element-e6c5bbd elementor-widget elementor-widget-text-editor\" data-id=\"e6c5bbd\" data-element_type=\"widget\" data-widget_type=\"text-editor.default\">\n\t\t\t\t<div class=\"elementor-widget-container\">\n\t\t\t\t\t<div class=\"elementor-text-editor elementor-clearfix\"><p><span style=\"font-size: 15px; color: #999999;\">2025<\/span><br \/><span style=\"color: #0000ff;\"><span style=\"color: #999999;\"><strong>Skrzat <\/strong>re\u017c.Krzysztof Komander,<\/span> <span style=\"color: #000000;\">Mama Micha\u0142a<\/span><\/span><\/p><p><span style=\"color: #999999;\">\u00a0<span style=\"caret-color: #000000; font-style: normal; font-size: 15px;\">2024<\/span><\/span><br style=\"caret-color: #000000; color: #000000;\" \/><span style=\"color: #000000;\"><span style=\"color: #999999;\"><strong style=\"caret-color: #000000; font-style: normal;\">Rodzina na Maxa<\/strong><\/span><span style=\"caret-color: #000000; font-family: -webkit-standard; font-size: medium; font-style: normal;\"><span style=\"color: #999999;\">\u00a0re\u017c.Maria Sadowska<\/span>, Karolina\u00a0<\/span><\/span><\/p><p><span style=\"font-size: 15px; color: #999999;\">2023<\/span><br \/><span style=\"color: #000000;\"><span style=\"color: #999999;\"><b>Bracia<\/b> re\u017c.Maciej Migas,<\/span> Eliza Dobrowolska<\/span><span style=\"font-size: 15px;\"><br \/><\/span><b style=\"font-size: 15px;\"><\/b><\/p><p style=\"font-weight: 400;\"><a href=\"https:\/\/pl.wikipedia.org\/wiki\/2021_w_filmie\">2021<\/a><\/p><p style=\"font-weight: 400;\"><strong><a href=\"https:\/\/pl.wikipedia.org\/wiki\/Mi%C5%82o%C5%9B%C4%87_do_kwadratu\">Mi\u0142o\u015b\u0107 do kwadratu<\/a><\/strong>\u00a0 Ilona<\/p><p style=\"font-weight: 400;\"><strong><a href=\"https:\/\/pl.wikipedia.org\/w\/index.php?title=W_jak_morderstwo&amp;action=edit&amp;redlink=1\">W jak morderstwo<\/a>\u00a0<\/strong> Magda Borowska<\/p><p style=\"font-weight: 400;\"><strong><a href=\"https:\/\/pl.wikipedia.org\/wiki\/To_musi_by%C4%87_mi%C5%82o%C5%9B%C4%87_(film_2021)\">To musi by\u0107 mi\u0142o\u015b\u0107<\/a><\/strong>\u00a0 Agata,<\/p><p style=\"font-weight: 400;\"><strong>\u00a0<a href=\"https:\/\/pl.wikipedia.org\/w\/index.php?title=Czarna_owca_(film_2021)&amp;action=edit&amp;redlink=1\">Czarna owca<\/a><\/strong>\u00a0 Zuza<\/p><p style=\"font-weight: 400;\"><strong>\u00a0<a href=\"https:\/\/pl.wikipedia.org\/wiki\/Dawid_i_elfy\">Dawid i elfy<\/a><\/strong>\u00a0Hania Kosmala<\/p><p style=\"font-weight: 400;\"><a href=\"https:\/\/pl.wikipedia.org\/wiki\/2020_w_filmie\">2020<\/a><\/p><p style=\"font-weight: 400;\"><strong>\u00a0<a href=\"https:\/\/pl.wikipedia.org\/wiki\/Listy_do_M._4\">Listy do M. 4<\/a><\/strong>\u00a0 Emilia<\/p><p style=\"font-weight: 400;\"><a href=\"https:\/\/pl.wikipedia.org\/wiki\/2019_w_filmie\">2019<\/a><\/p><p style=\"font-weight: 400;\"><strong>\u00a0<a href=\"https:\/\/pl.wikipedia.org\/wiki\/1800_gram%C3%B3w\">1800 gram\u00f3w<\/a><\/strong>\u00a0 matka Nutki<\/p><p style=\"font-weight: 400;\"><strong><a href=\"https:\/\/pl.wikipedia.org\/wiki\/(Nie)znajomi\">(Nie)znajomi<\/a><\/strong>\u00a0 Basia<\/p><p style=\"font-weight: 400;\"><a href=\"https:\/\/pl.wikipedia.org\/wiki\/2018_w_filmie\">2018<\/a><\/p><p style=\"font-weight: 400;\"><strong><a href=\"https:\/\/pl.wikipedia.org\/w\/index.php?title=Juliusz_(film)&amp;action=edit&amp;redlink=1\">Juliusz<\/a>\u00a0<\/strong>re\u017c. Aleksander Pietrzak, Dorota<\/p><p style=\"font-weight: 400;\"><strong><a href=\"https:\/\/pl.wikipedia.org\/wiki\/Podatek_od_mi%C5%82o%C5%9Bci\">Podatek od mi\u0142o\u015bci<\/a><\/strong>\u00a0 Hanka<\/p><p style=\"font-weight: 400;\"><a href=\"https:\/\/pl.wikipedia.org\/wiki\/2016_w_filmie\">2016<\/a><\/p><p style=\"font-weight: 400;\"><strong>Prosta historia o morderstwie<\/strong>\u00a0re\u017c.\u00a0<a href=\"https:\/\/pl.wikipedia.org\/wiki\/Arkadiusz_Jakubik\">Arkadiusz Jakubik<\/a><\/p><p style=\"font-weight: 400;\"><strong>Planeta Singli 3<\/strong>, And\u017cela<\/p><p style=\"font-weight: 400;\"><a href=\"https:\/\/pl.wikipedia.org\/wiki\/2015_w_filmie\">2015<\/a><\/p><p style=\"font-weight: 400;\"><strong>\u00a0<a href=\"https:\/\/pl.wikipedia.org\/wiki\/Demon_(film_2015)\">Demon<\/a><\/strong>\u00a0 re\u017c.\u00a0<a href=\"https:\/\/pl.wikipedia.org\/wiki\/Marcin_Wrona_(re%C5%BCyser)\">Marcin Wrona<\/a> \u015bwiadkowa<\/p><p style=\"font-weight: 400;\"><strong>Chem<em>ia<\/em><\/strong>\u00a0 re\u017c.\u00a0<a href=\"https:\/\/pl.wikipedia.org\/wiki\/Bartosz_Prokopowicz\">Bartosz Prokopowicz<\/a> asystentka doktor Sowy<\/p><p style=\"font-weight: 400;\"><a href=\"https:\/\/pl.wikipedia.org\/wiki\/2012_w_filmie\">2012<\/a><\/p><p style=\"font-weight: 400;\"><strong>\u00a0<a href=\"https:\/\/pl.wikipedia.org\/wiki\/Ostatnie_pi%C4%99tro\">Ostatnie pi\u0119tro<\/a><\/strong>\u00a0 re\u017c.\u00a0<a href=\"https:\/\/pl.wikipedia.org\/wiki\/Tadeusz_Kr%C3%B3l_(re%C5%BCyser)\">Tadeusz Kr\u00f3l<\/a><\/p><p style=\"font-weight: 400;\"><a href=\"https:\/\/pl.wikipedia.org\/wiki\/2011_w_filmie\">2011<\/a><\/p><p style=\"font-weight: 400;\"><strong>\u00a0<a href=\"https:\/\/pl.wikipedia.org\/wiki\/Wyjazd_integracyjny\">Wyjazd integracyjny<\/a><\/strong>\u00a0re\u017c.\u00a0<a href=\"https:\/\/pl.wikipedia.org\/wiki\/Przemys%C5%82aw_Angerman\">Przemys\u0142aw Angerman<\/a><\/p><p style=\"font-weight: 400;\"><a href=\"https:\/\/pl.wikipedia.org\/wiki\/2009_w_filmie\">2009<\/a><\/p><p style=\"font-weight: 400;\"><strong>\u00a0Wichry Ko\u0142ymy<\/strong>\u00a0 re\u017c.\u00a0<a href=\"https:\/\/pl.wikipedia.org\/wiki\/Marleen_Gorris\">Marleen Gorris<\/a>, wi\u0119\u017aniarka<\/p><p style=\"font-weight: 400;\"><a href=\"https:\/\/pl.wikipedia.org\/wiki\/2010_w_filmie\">2010<\/a><\/p><p style=\"font-weight: 400;\"><strong><a href=\"https:\/\/pl.wikipedia.org\/wiki\/Randka_w_ciemno_(film_2009)\">Randka w ciemno<\/a>\u00a0<\/strong> re\u017c.\u00a0<a href=\"https:\/\/pl.wikipedia.org\/wiki\/Wojciech_W%C3%B3jcik_(re%C5%BCyser)\">Wojciech W\u00f3jcik<\/a> kole\u017canka z pubu<\/p><\/div>\n\t\t\t\t<\/div>\n\t\t\t\t<\/div>\n\t\t\t\t\t\t<\/div>\n\t\t\t\t\t<\/div>\n\t\t<\/div>\n\t\t\t\t<div class=\"elementor-column elementor-col-33 elementor-top-column elementor-element elementor-element-a5e6527\" data-id=\"a5e6527\" data-element_type=\"column\">\n\t\t\t<div class=\"elementor-column-wrap elementor-element-populated\">\n\t\t\t\t\t\t\t<div class=\"elementor-widget-wrap\">\n\t\t\t\t\t\t<div class=\"elementor-element elementor-element-0646037 elementor-widget elementor-widget-text-editor\" data-id=\"0646037\" data-element_type=\"widget\" data-widget_type=\"text-editor.default\">\n\t\t\t\t<div class=\"elementor-widget-container\">\n\t\t\t\t\t<div class=\"elementor-text-editor elementor-clearfix\"><p style=\"font-weight: 400;\"><strong><em>2013\u00a0<\/em><\/strong><em><strong>G\u0142\u00f3wna Nagroda Aktorska<\/strong> za rol\u0119 Katarzyny Earnshaw w przedstawieniu &#8220;Wichrowe Wzg\u00f3rza&#8221; w re\u017c. Kuby Kowalskiego z Teatru Studio im. Stanis\u0142awa Ignacego Witkiewicza w Warszawie na 53. Kaliskich Spotkaniach Teatralnych<\/em><\/p><p style=\"font-weight: 400;\"><strong><em>2010\u00a0<\/em><\/strong><strong><em>&#8220;Feliks Warszawski&#8221;<\/em><\/strong><em> w kategorii: debiut aktorski za rol\u0119 w spektaklu &#8220;Kompleks Portnoya&#8221; w Teatrze Konsekwentnym w Warszawie<\/em><\/p><p style=\"font-weight: 400;\"><strong><em>2008 \u00a0<\/em><\/strong><em>Wyr\u00f3\u017cnienie Ministra Kultury i Dziedzictwa Narodowego za rol\u0119 Lubow Raniewskiej w przedstawieniu &#8220;Wi\u015bniowy sad&#8221; na XXVI Festiwalu Szk\u00f3\u0142 Teatralnych w \u0141odzi<\/em><\/p><p><strong>2007 \u00a0<\/strong>laureatka II nagrody w X konkursie \u201e<strong>Pami\u0119tajmy o Osieckiej<\/strong>\u201d, a tak\u017ce Nagrody Publiczno\u015bci i Nagrody Dziennikarzy<\/p><p style=\"font-weight: 400;\"><strong>2005 \u00a0<\/strong><strong><em>&#8220;Talent Tr\u00f3jki&#8221;<\/em><\/strong><em> w kategorii: Teatr za &#8220;\u017cywio\u0142owo\u015b\u0107 i dojrza\u0142o\u015b\u0107; za gr\u0119 i autentyczno\u015b\u0107; za umiej\u0119tno\u015b\u0107 pos\u0142ugiwania si\u0119 r\u00f3\u017cnymi konwencjami scenicznymi i nawi\u0105zywania \u017cywego kontaktu z publiczno\u015bci\u0105&#8221;<\/em><\/p><\/div>\n\t\t\t\t<\/div>\n\t\t\t\t<\/div>\n\t\t\t\t\t\t<\/div>\n\t\t\t\t\t<\/div>\n\t\t<\/div>\n\t\t\t\t\t\t\t\t<\/div>\n\t\t\t\t\t<\/div>\n\t\t<\/section>\n\t\t\t\t\t\t<\/div>\n\t\t\t\t\t\t<\/div>\n\t\t\t\t\t<\/div>\n\t\t","protected":false},"excerpt":{"rendered":"<p>Anna Smo\u0142owik Galeria Zdj\u0119\u0107 Rodzina Na Maksa re\u017c.Maria Sadowska \u00a9Polsat &#8220;W jak Morderstwo&#8221; re\u017c. Piotr Mularuk https:\/\/www.youtube.com\/watch?v=RIvhYeoGfekVideo can&#8217;t be loaded because JavaScript is disabled:<\/p>\n","protected":false},"author":4,"featured_media":0,"parent":0,"menu_order":0,"comment_status":"closed","ping_status":"closed","template":"","meta":[],"_links":{"self":[{"href":"https:\/\/diakowska.com\/index.php?rest_route=\/wp\/v2\/pages\/1264"}],"collection":[{"href":"https:\/\/diakowska.com\/index.php?rest_route=\/wp\/v2\/pages"}],"about":[{"href":"https:\/\/diakowska.com\/index.php?rest_route=\/wp\/v2\/types\/page"}],"author":[{"embeddable":true,"href":"https:\/\/diakowska.com\/index.php?rest_route=\/wp\/v2\/users\/4"}],"replies":[{"embeddable":true,"href":"https:\/\/diakowska.com\/index.php?rest_route=%2Fwp%2Fv2%2Fcomments&post=1264"}],"version-history":[{"count":52,"href":"https:\/\/diakowska.com\/index.php?rest_route=\/wp\/v2\/pages\/1264\/revisions"}],"predecessor-version":[{"id":1548,"href":"https:\/\/diakowska.com\/index.php?rest_route=\/wp\/v2\/pages\/1264\/revisions\/1548"}],"wp:attachment":[{"href":"https:\/\/diakowska.com\/index.php?rest_route=%2Fwp%2Fv2%2Fmedia&parent=1264"}],"curies":[{"name":"wp","href":"https:\/\/api.w.org\/{rel}","templated":true}]}}