{"id":148,"date":"2020-09-05T15:22:20","date_gmt":"2020-09-05T13:22:20","guid":{"rendered":"http:\/\/diakowska.com.pl\/?page_id=148"},"modified":"2026-01-30T18:02:37","modified_gmt":"2026-01-30T17:02:37","slug":"maria-kowalska","status":"publish","type":"page","link":"https:\/\/diakowska.com\/?page_id=148","title":{"rendered":"MARIA KOWALSKA"},"content":{"rendered":"\t\t<div data-elementor-type=\"wp-page\" data-elementor-id=\"148\" class=\"elementor elementor-148\" data-elementor-settings=\"[]\">\n\t\t\t\t\t\t<div class=\"elementor-inner\">\n\t\t\t\t\t\t\t<div class=\"elementor-section-wrap\">\n\t\t\t\t\t\t\t<section class=\"elementor-section elementor-top-section elementor-element elementor-element-2c411d18 elementor-section-boxed elementor-section-height-default elementor-section-height-default\" data-id=\"2c411d18\" data-element_type=\"section\">\n\t\t\t\t\t\t<div class=\"elementor-container elementor-column-gap-default\">\n\t\t\t\t\t\t\t<div class=\"elementor-row\">\n\t\t\t\t\t<div class=\"elementor-column elementor-col-100 elementor-top-column elementor-element elementor-element-2c63322e\" data-id=\"2c63322e\" data-element_type=\"column\">\n\t\t\t<div class=\"elementor-column-wrap elementor-element-populated\">\n\t\t\t\t\t\t\t<div class=\"elementor-widget-wrap\">\n\t\t\t\t\t\t<div class=\"elementor-element elementor-element-19eb113a elementor-widget elementor-widget-heading\" data-id=\"19eb113a\" data-element_type=\"widget\" data-widget_type=\"heading.default\">\n\t\t\t\t<div class=\"elementor-widget-container\">\n\t\t\t<h1 class=\"elementor-heading-title elementor-size-xl\">MARIA KOWALSKA<\/h1>\t\t<\/div>\n\t\t\t\t<\/div>\n\t\t\t\t\t\t<\/div>\n\t\t\t\t\t<\/div>\n\t\t<\/div>\n\t\t\t\t\t\t\t\t<\/div>\n\t\t\t\t\t<\/div>\n\t\t<\/section>\n\t\t\t\t<section class=\"elementor-section elementor-top-section elementor-element elementor-element-7a36a93 elementor-section-boxed elementor-section-height-default elementor-section-height-default\" data-id=\"7a36a93\" data-element_type=\"section\">\n\t\t\t\t\t\t<div class=\"elementor-container elementor-column-gap-default\">\n\t\t\t\t\t\t\t<div class=\"elementor-row\">\n\t\t\t\t\t<div class=\"elementor-column elementor-col-100 elementor-top-column elementor-element elementor-element-fdfa7f3\" data-id=\"fdfa7f3\" data-element_type=\"column\">\n\t\t\t<div class=\"elementor-column-wrap elementor-element-populated\">\n\t\t\t\t\t\t\t<div class=\"elementor-widget-wrap\">\n\t\t\t\t\t\t<div class=\"elementor-element elementor-element-2462a7a elementor-widget elementor-widget-image\" data-id=\"2462a7a\" data-element_type=\"widget\" data-widget_type=\"image.default\">\n\t\t\t\t<div class=\"elementor-widget-container\">\n\t\t\t\t\t<div class=\"elementor-image\">\n\t\t\t\t\t\t\t\t\t\t<img width=\"768\" height=\"963\" src=\"https:\/\/diakowska.com\/wp-content\/uploads\/2020\/12\/wejsciowy-768x963.jpg\" class=\"attachment-medium_large size-medium_large\" alt=\"\" loading=\"lazy\" srcset=\"https:\/\/diakowska.com\/wp-content\/uploads\/2020\/12\/wejsciowy-768x963.jpg 768w, https:\/\/diakowska.com\/wp-content\/uploads\/2020\/12\/wejsciowy-239x300.jpg 239w, https:\/\/diakowska.com\/wp-content\/uploads\/2020\/12\/wejsciowy-816x1024.jpg 816w, https:\/\/diakowska.com\/wp-content\/uploads\/2020\/12\/wejsciowy-1225x1536.jpg 1225w, https:\/\/diakowska.com\/wp-content\/uploads\/2020\/12\/wejsciowy-1633x2048.jpg 1633w, https:\/\/diakowska.com\/wp-content\/uploads\/2020\/12\/wejsciowy-scaled.jpg 2041w\" sizes=\"(max-width: 768px) 100vw, 768px\" \/>\t\t\t\t\t\t\t\t\t\t\t<\/div>\n\t\t\t\t<\/div>\n\t\t\t\t<\/div>\n\t\t\t\t\t\t<\/div>\n\t\t\t\t\t<\/div>\n\t\t<\/div>\n\t\t\t\t\t\t\t\t<\/div>\n\t\t\t\t\t<\/div>\n\t\t<\/section>\n\t\t\t\t<section class=\"elementor-section elementor-top-section elementor-element elementor-element-acc4188 elementor-section-boxed elementor-section-height-default elementor-section-height-default\" data-id=\"acc4188\" data-element_type=\"section\">\n\t\t\t\t\t\t<div class=\"elementor-container elementor-column-gap-default\">\n\t\t\t\t\t\t\t<div class=\"elementor-row\">\n\t\t\t\t\t<div class=\"elementor-column elementor-col-100 elementor-top-column elementor-element elementor-element-27003d6\" data-id=\"27003d6\" data-element_type=\"column\">\n\t\t\t<div class=\"elementor-column-wrap elementor-element-populated\">\n\t\t\t\t\t\t\t<div class=\"elementor-widget-wrap\">\n\t\t\t\t\t\t<div class=\"elementor-element elementor-element-dd320d3 elementor-widget elementor-widget-heading\" data-id=\"dd320d3\" data-element_type=\"widget\" data-widget_type=\"heading.default\">\n\t\t\t\t<div class=\"elementor-widget-container\">\n\t\t\t<h1 class=\"elementor-heading-title elementor-size-xl\">GALERIA ZDJ\u0118\u0106<\/h1>\t\t<\/div>\n\t\t\t\t<\/div>\n\t\t\t\t\t\t<\/div>\n\t\t\t\t\t<\/div>\n\t\t<\/div>\n\t\t\t\t\t\t\t\t<\/div>\n\t\t\t\t\t<\/div>\n\t\t<\/section>\n\t\t\t\t<section class=\"elementor-section elementor-top-section elementor-element elementor-element-ee68f2a elementor-section-boxed elementor-section-height-default elementor-section-height-default\" data-id=\"ee68f2a\" data-element_type=\"section\">\n\t\t\t\t\t\t<div class=\"elementor-container elementor-column-gap-default\">\n\t\t\t\t\t\t\t<div class=\"elementor-row\">\n\t\t\t\t\t<div class=\"elementor-column elementor-col-100 elementor-top-column elementor-element elementor-element-de6a340\" data-id=\"de6a340\" data-element_type=\"column\">\n\t\t\t<div class=\"elementor-column-wrap elementor-element-populated\">\n\t\t\t\t\t\t\t<div class=\"elementor-widget-wrap\">\n\t\t\t\t\t\t<div class=\"elementor-element elementor-element-86780b1 elementor-widget elementor-widget-gallery\" data-id=\"86780b1\" data-element_type=\"widget\" data-settings=\"{&quot;gallery_layout&quot;:&quot;masonry&quot;,&quot;columns&quot;:2,&quot;gap&quot;:{&quot;unit&quot;:&quot;px&quot;,&quot;size&quot;:8,&quot;sizes&quot;:[]},&quot;overlay_description&quot;:&quot;caption&quot;,&quot;lazyload&quot;:&quot;yes&quot;,&quot;columns_tablet&quot;:2,&quot;columns_mobile&quot;:1,&quot;gap_tablet&quot;:{&quot;unit&quot;:&quot;px&quot;,&quot;size&quot;:10,&quot;sizes&quot;:[]},&quot;gap_mobile&quot;:{&quot;unit&quot;:&quot;px&quot;,&quot;size&quot;:10,&quot;sizes&quot;:[]},&quot;link_to&quot;:&quot;file&quot;,&quot;overlay_background&quot;:&quot;yes&quot;,&quot;content_hover_animation&quot;:&quot;fade-in&quot;}\" data-widget_type=\"gallery.default\">\n\t\t\t\t<div class=\"elementor-widget-container\">\n\t\t\t\t\t<div class=\"elementor-gallery__container\">\n\t\t\t\t\t\t\t<a class=\"e-gallery-item elementor-gallery-item elementor-animated-content\" href=\"https:\/\/diakowska.com\/wp-content\/uploads\/2020\/12\/podpowierzchnia.png\" data-elementor-open-lightbox=\"yes\" data-elementor-lightbox-slideshow=\"all-86780b1\" data-elementor-lightbox-title=\"&quot;POD POWIERZCHNI\u0104&quot; re\u017c. Borys Lankosz \u00a9TVN\">\n\t\t\t\t\t<div class=\"e-gallery-image elementor-gallery-item__image\" data-thumbnail=\"https:\/\/diakowska.com\/wp-content\/uploads\/2020\/12\/podpowierzchnia-768x432.png\" data-width=\"768\" data-height=\"432\" alt=\"\" ><\/div>\n\t\t\t\t\t\t\t\t\t\t<div class=\"elementor-gallery-item__overlay\"><\/div>\n\t\t\t\t\t\t\t\t\t\t\t\t\t\t\t<div class=\"elementor-gallery-item__content\">\n\t\t\t\t\t\t\t\t\t\t\t\t\t<div class=\"elementor-gallery-item__description\">\"POD POWIERZCHNI\u0104\" re\u017c. Borys Lankosz \u00a9TVN<\/div>\n\t\t\t\t\t\t\t\t\t\t\t\t<\/div>\n\t\t\t\t\t\t\t\t\t<\/a>\n\t\t\t\t\t\t\t<a class=\"e-gallery-item elementor-gallery-item elementor-animated-content\" href=\"https:\/\/diakowska.com\/wp-content\/uploads\/2020\/12\/180712_PodPowierzchnia_2583.jpg\" data-elementor-open-lightbox=\"yes\" data-elementor-lightbox-slideshow=\"all-86780b1\" data-elementor-lightbox-title=\"&quot;POD POWIERZCHNI\u0104&quot;  foto:Adam Pluci\u0144ski \u00a9TVN\">\n\t\t\t\t\t<div class=\"e-gallery-image elementor-gallery-item__image\" data-thumbnail=\"https:\/\/diakowska.com\/wp-content\/uploads\/2020\/12\/180712_PodPowierzchnia_2583.jpg\" data-width=\"576\" data-height=\"768\" alt=\"\" ><\/div>\n\t\t\t\t\t\t\t\t\t\t<div class=\"elementor-gallery-item__overlay\"><\/div>\n\t\t\t\t\t\t\t\t\t\t\t\t\t\t\t<div class=\"elementor-gallery-item__content\">\n\t\t\t\t\t\t\t\t\t\t\t\t\t<div class=\"elementor-gallery-item__description\">\"POD POWIERZCHNI\u0104\"  foto:Adam Pluci\u0144ski \u00a9TVN<\/div>\n\t\t\t\t\t\t\t\t\t\t\t\t<\/div>\n\t\t\t\t\t\t\t\t\t<\/a>\n\t\t\t\t\t\t\t<a class=\"e-gallery-item elementor-gallery-item elementor-animated-content\" href=\"https:\/\/diakowska.com\/wp-content\/uploads\/2020\/12\/TVN-.jpg\" data-elementor-open-lightbox=\"yes\" data-elementor-lightbox-slideshow=\"all-86780b1\" data-elementor-lightbox-title=\"&quot;POD POWIERZCHNI\u0104&quot; re\u017c. Borys Lankosz \u00a9TVN\">\n\t\t\t\t\t<div class=\"e-gallery-image elementor-gallery-item__image\" data-thumbnail=\"https:\/\/diakowska.com\/wp-content\/uploads\/2020\/12\/TVN--768x432.jpg\" data-width=\"768\" data-height=\"432\" alt=\"\" ><\/div>\n\t\t\t\t\t\t\t\t\t\t<div class=\"elementor-gallery-item__overlay\"><\/div>\n\t\t\t\t\t\t\t\t\t\t\t\t\t\t\t<div class=\"elementor-gallery-item__content\">\n\t\t\t\t\t\t\t\t\t\t\t\t\t<div class=\"elementor-gallery-item__description\">\"POD POWIERZCHNI\u0104\" re\u017c. Borys Lankosz \u00a9TVN <\/div>\n\t\t\t\t\t\t\t\t\t\t\t\t<\/div>\n\t\t\t\t\t\t\t\t\t<\/a>\n\t\t\t\t\t\t\t<a class=\"e-gallery-item elementor-gallery-item elementor-animated-content\" href=\"https:\/\/diakowska.com\/wp-content\/uploads\/2020\/12\/maria-Hubert-Komerski-TVN.jpg\" data-elementor-open-lightbox=\"yes\" data-elementor-lightbox-slideshow=\"all-86780b1\" data-elementor-lightbox-title=\"&quot;POD POWIERZCHNI\u0104&quot; re\u017c. Borys Lankosz \u00a9TVN\">\n\t\t\t\t\t<div class=\"e-gallery-image elementor-gallery-item__image\" data-thumbnail=\"https:\/\/diakowska.com\/wp-content\/uploads\/2020\/12\/maria-Hubert-Komerski-TVN-768x432.jpg\" data-width=\"768\" data-height=\"432\" alt=\"\" ><\/div>\n\t\t\t\t\t\t\t\t\t\t<div class=\"elementor-gallery-item__overlay\"><\/div>\n\t\t\t\t\t\t\t\t\t\t\t\t\t\t\t<div class=\"elementor-gallery-item__content\">\n\t\t\t\t\t\t\t\t\t\t\t\t\t<div class=\"elementor-gallery-item__description\">\"POD POWIERZCHNI\u0104\" re\u017c. Borys Lankosz \u00a9TVN<\/div>\n\t\t\t\t\t\t\t\t\t\t\t\t<\/div>\n\t\t\t\t\t\t\t\t\t<\/a>\n\t\t\t\t\t\t\t<a class=\"e-gallery-item elementor-gallery-item elementor-animated-content\" href=\"https:\/\/diakowska.com\/wp-content\/uploads\/2020\/12\/maysia.ciemnewlosy.jpeg\" data-elementor-open-lightbox=\"yes\" data-elementor-lightbox-slideshow=\"all-86780b1\" data-elementor-lightbox-title=\"&quot;OSIECKA&quot; re\u017c. Robert Gli\u0144ski i Micha\u0142 Rosa\">\n\t\t\t\t\t<div class=\"e-gallery-image elementor-gallery-item__image\" data-thumbnail=\"https:\/\/diakowska.com\/wp-content\/uploads\/2020\/12\/maysia.ciemnewlosy-768x576.jpeg\" data-width=\"768\" data-height=\"576\" alt=\"\" ><\/div>\n\t\t\t\t\t\t\t\t\t\t<div class=\"elementor-gallery-item__overlay\"><\/div>\n\t\t\t\t\t\t\t\t\t\t\t\t\t\t\t<div class=\"elementor-gallery-item__content\">\n\t\t\t\t\t\t\t\t\t\t\t\t\t<div class=\"elementor-gallery-item__description\">\"OSECKA\" re\u017c. Robert Gli\u0144ski i Micha\u0142 Rosa <\/div>\n\t\t\t\t\t\t\t\t\t\t\t\t<\/div>\n\t\t\t\t\t\t\t\t\t<\/a>\n\t\t\t\t\t\t\t<a class=\"e-gallery-item elementor-gallery-item elementor-animated-content\" href=\"https:\/\/diakowska.com\/wp-content\/uploads\/2020\/12\/Marysia-Kowalska-scaled.jpg\" data-elementor-open-lightbox=\"yes\" data-elementor-lightbox-slideshow=\"all-86780b1\" data-elementor-lightbox-title=\"Marysia Kowalska\">\n\t\t\t\t\t<div class=\"e-gallery-image elementor-gallery-item__image\" data-thumbnail=\"https:\/\/diakowska.com\/wp-content\/uploads\/2020\/12\/Marysia-Kowalska-768x1178.jpg\" data-width=\"768\" data-height=\"1178\" alt=\"\" ><\/div>\n\t\t\t\t\t\t\t\t\t\t<div class=\"elementor-gallery-item__overlay\"><\/div>\n\t\t\t\t\t\t\t\t\t\t\t\t\t\t\t<div class=\"elementor-gallery-item__content\">\n\t\t\t\t\t\t\t\t\t\t\t<\/div>\n\t\t\t\t\t\t\t\t\t<\/a>\n\t\t\t\t\t\t\t<a class=\"e-gallery-item elementor-gallery-item elementor-animated-content\" href=\"https:\/\/diakowska.com\/wp-content\/uploads\/2020\/12\/Marysia.jpg\" data-elementor-open-lightbox=\"yes\" data-elementor-lightbox-slideshow=\"all-86780b1\" data-elementor-lightbox-title=\"&quot;POD POWIERZCHNI\u0104&quot; foto:Adam Pluci\u0144ski \u00a9TVN\">\n\t\t\t\t\t<div class=\"e-gallery-image elementor-gallery-item__image\" data-thumbnail=\"https:\/\/diakowska.com\/wp-content\/uploads\/2020\/12\/Marysia.jpg\" data-width=\"576\" data-height=\"768\" alt=\"\" ><\/div>\n\t\t\t\t\t\t\t\t\t\t<div class=\"elementor-gallery-item__overlay\"><\/div>\n\t\t\t\t\t\t\t\t\t\t\t\t\t\t\t<div class=\"elementor-gallery-item__content\">\n\t\t\t\t\t\t\t\t\t\t\t\t\t<div class=\"elementor-gallery-item__description\">\"POD POWIERZCHNI\u0104\" foto:Adam Pluci\u0144ski \u00a9TVN<\/div>\n\t\t\t\t\t\t\t\t\t\t\t\t<\/div>\n\t\t\t\t\t\t\t\t\t<\/a>\n\t\t\t\t\t\t\t<a class=\"e-gallery-item elementor-gallery-item elementor-animated-content\" href=\"https:\/\/diakowska.com\/wp-content\/uploads\/2023\/09\/WZK_8640.jpg\" data-elementor-open-lightbox=\"yes\" data-elementor-lightbox-slideshow=\"all-86780b1\" data-elementor-lightbox-title=\"WZK_8640\">\n\t\t\t\t\t<div class=\"e-gallery-image elementor-gallery-item__image\" data-thumbnail=\"https:\/\/diakowska.com\/wp-content\/uploads\/2023\/09\/WZK_8640-768x1151.jpg\" data-width=\"768\" data-height=\"1151\" alt=\"\" ><\/div>\n\t\t\t\t\t\t\t\t\t\t<div class=\"elementor-gallery-item__overlay\"><\/div>\n\t\t\t\t\t\t\t\t\t\t\t\t\t\t\t<div class=\"elementor-gallery-item__content\">\n\t\t\t\t\t\t\t\t\t\t\t<\/div>\n\t\t\t\t\t\t\t\t\t<\/a>\n\t\t\t\t\t\t\t<a class=\"e-gallery-item elementor-gallery-item elementor-animated-content\" href=\"https:\/\/diakowska.com\/wp-content\/uploads\/2023\/09\/plakat.webp\" data-elementor-open-lightbox=\"yes\" data-elementor-lightbox-slideshow=\"all-86780b1\" data-elementor-lightbox-title=\"plakat\">\n\t\t\t\t\t<div class=\"e-gallery-image elementor-gallery-item__image\" data-thumbnail=\"https:\/\/diakowska.com\/wp-content\/uploads\/2023\/09\/plakat.webp\" data-width=\"625\" data-height=\"925\" alt=\"\" ><\/div>\n\t\t\t\t\t\t\t\t\t\t<div class=\"elementor-gallery-item__overlay\"><\/div>\n\t\t\t\t\t\t\t\t\t\t\t\t\t\t\t<div class=\"elementor-gallery-item__content\">\n\t\t\t\t\t\t\t\t\t\t\t<\/div>\n\t\t\t\t\t\t\t\t\t<\/a>\n\t\t\t\t\t\t\t<a class=\"e-gallery-item elementor-gallery-item elementor-animated-content\" href=\"https:\/\/diakowska.com\/wp-content\/uploads\/2024\/10\/mary-kolor-scaled.jpg\" data-elementor-open-lightbox=\"yes\" data-elementor-lightbox-slideshow=\"all-86780b1\" data-elementor-lightbox-title=\"mary kolor\">\n\t\t\t\t\t<div class=\"e-gallery-image elementor-gallery-item__image\" data-thumbnail=\"https:\/\/diakowska.com\/wp-content\/uploads\/2024\/10\/mary-kolor-768x1152.jpg\" data-width=\"768\" data-height=\"1152\" alt=\"\" ><\/div>\n\t\t\t\t\t\t\t\t\t\t<div class=\"elementor-gallery-item__overlay\"><\/div>\n\t\t\t\t\t\t\t\t\t\t\t\t\t\t\t<div class=\"elementor-gallery-item__content\">\n\t\t\t\t\t\t\t\t\t\t\t<\/div>\n\t\t\t\t\t\t\t\t\t<\/a>\n\t\t\t\t\t\t\t<a class=\"e-gallery-item elementor-gallery-item elementor-animated-content\" href=\"https:\/\/diakowska.com\/wp-content\/uploads\/2024\/10\/image_6483441-scaled.jpg\" data-elementor-open-lightbox=\"yes\" data-elementor-lightbox-slideshow=\"all-86780b1\" data-elementor-lightbox-title=\"image_6483441\">\n\t\t\t\t\t<div class=\"e-gallery-image elementor-gallery-item__image\" data-thumbnail=\"https:\/\/diakowska.com\/wp-content\/uploads\/2024\/10\/image_6483441-768x1152.jpg\" data-width=\"768\" data-height=\"1152\" alt=\"\" ><\/div>\n\t\t\t\t\t\t\t\t\t\t<div class=\"elementor-gallery-item__overlay\"><\/div>\n\t\t\t\t\t\t\t\t\t\t\t\t\t\t\t<div class=\"elementor-gallery-item__content\">\n\t\t\t\t\t\t\t\t\t\t\t<\/div>\n\t\t\t\t\t\t\t\t\t<\/a>\n\t\t\t\t\t<\/div>\n\t\t\t<\/div>\n\t\t\t\t<\/div>\n\t\t\t\t\t\t<\/div>\n\t\t\t\t\t<\/div>\n\t\t<\/div>\n\t\t\t\t\t\t\t\t<\/div>\n\t\t\t\t\t<\/div>\n\t\t<\/section>\n\t\t\t\t<section class=\"elementor-section elementor-top-section elementor-element elementor-element-9196a85 elementor-section-boxed elementor-section-height-default elementor-section-height-default\" data-id=\"9196a85\" data-element_type=\"section\">\n\t\t\t\t\t\t<div class=\"elementor-container elementor-column-gap-default\">\n\t\t\t\t\t\t\t<div class=\"elementor-row\">\n\t\t\t\t\t<div class=\"elementor-column elementor-col-100 elementor-top-column elementor-element elementor-element-eaebcb7\" data-id=\"eaebcb7\" data-element_type=\"column\">\n\t\t\t<div class=\"elementor-column-wrap\">\n\t\t\t\t\t\t\t<div class=\"elementor-widget-wrap\">\n\t\t\t\t\t\t\t\t<\/div>\n\t\t\t\t\t<\/div>\n\t\t<\/div>\n\t\t\t\t\t\t\t\t<\/div>\n\t\t\t\t\t<\/div>\n\t\t<\/section>\n\t\t\t\t<section class=\"elementor-section elementor-top-section elementor-element elementor-element-346f6f3 elementor-section-boxed elementor-section-height-default elementor-section-height-default\" data-id=\"346f6f3\" data-element_type=\"section\">\n\t\t\t\t\t\t<div class=\"elementor-container elementor-column-gap-default\">\n\t\t\t\t\t\t\t<div class=\"elementor-row\">\n\t\t\t\t\t<div class=\"elementor-column elementor-col-100 elementor-top-column elementor-element elementor-element-539c8ff5\" data-id=\"539c8ff5\" data-element_type=\"column\">\n\t\t\t<div class=\"elementor-column-wrap elementor-element-populated\">\n\t\t\t\t\t\t\t<div class=\"elementor-widget-wrap\">\n\t\t\t\t\t\t<div class=\"elementor-element elementor-element-62140cc0 elementor-aspect-ratio-169 elementor-widget elementor-widget-video\" data-id=\"62140cc0\" data-element_type=\"widget\" data-settings=\"{&quot;aspect_ratio&quot;:&quot;169&quot;}\" data-widget_type=\"video.default\">\n\t\t\t\t<div class=\"elementor-widget-container\">\n\t\t\t\t\t<div class=\"elementor-wrapper elementor-fit-aspect-ratio elementor-open-inline\">\n\t\t\t<iframe class=\"elementor-video-iframe\" allowfullscreen title=\"youtube Video Player\" data-lazy-load=\"https:\/\/www.youtube.com\/embed\/1ybowoIMKc4?feature=oembed&amp;start&amp;end&amp;wmode=opaque&amp;loop=0&amp;controls=1&amp;mute=0&amp;rel=0&amp;modestbranding=0\"><\/iframe>\t\t\t\t<div class=\"elementor-custom-embed-image-overlay\" style=\"background-image: url();\">\n\t\t\t\t\t\t\t\t\t\t\t\t\t\t\t\t<div class=\"elementor-custom-embed-play\" role=\"button\">\n\t\t\t\t\t\t\t<i class=\"eicon-play\" aria-hidden=\"true\"><\/i>\n\t\t\t\t\t\t\t<span class=\"elementor-screen-only\">Odtw\u00f3rz wideo<\/span>\n\t\t\t\t\t\t<\/div>\n\t\t\t\t\t\t\t\t\t<\/div>\n\t\t\t\t\t<\/div>\n\t\t\t\t<\/div>\n\t\t\t\t<\/div>\n\t\t\t\t\t\t<\/div>\n\t\t\t\t\t<\/div>\n\t\t<\/div>\n\t\t\t\t\t\t\t\t<\/div>\n\t\t\t\t\t<\/div>\n\t\t<\/section>\n\t\t\t\t<section class=\"elementor-section elementor-top-section elementor-element elementor-element-20fa0885 elementor-section-boxed elementor-section-height-default elementor-section-height-default\" data-id=\"20fa0885\" data-element_type=\"section\">\n\t\t\t\t\t\t<div class=\"elementor-container elementor-column-gap-default\">\n\t\t\t\t\t\t\t<div class=\"elementor-row\">\n\t\t\t\t\t<div class=\"elementor-column elementor-col-100 elementor-top-column elementor-element elementor-element-3d196edf\" data-id=\"3d196edf\" data-element_type=\"column\">\n\t\t\t<div class=\"elementor-column-wrap elementor-element-populated\">\n\t\t\t\t\t\t\t<div class=\"elementor-widget-wrap\">\n\t\t\t\t\t\t<div class=\"elementor-element elementor-element-542bfc98 elementor-widget elementor-widget-heading\" data-id=\"542bfc98\" data-element_type=\"widget\" data-widget_type=\"heading.default\">\n\t\t\t\t<div class=\"elementor-widget-container\">\n\t\t\t<h3 class=\"elementor-heading-title elementor-size-xl\">FILMOGRAFIA<\/h3>\t\t<\/div>\n\t\t\t\t<\/div>\n\t\t\t\t<div class=\"elementor-element elementor-element-7e1092f3 elementor-widget elementor-widget-text-editor\" data-id=\"7e1092f3\" data-element_type=\"widget\" data-widget_type=\"text-editor.default\">\n\t\t\t\t<div class=\"elementor-widget-container\">\n\t\t\t\t\t<div class=\"elementor-text-editor elementor-clearfix\"><h5>2025\u00a0<\/h5><h5><strong>Piek\u0142o kobiet<\/strong> (serial) Ewa<\/h5><h5>2024<br \/><strong style=\"font-size: 15px;\">Matylda<\/strong><span style=\"font-size: 15px;\">\u00a0(serial) Matylda\u00a0<br \/><\/span>2023<br \/><strong style=\"font-size: 15px;\">Znachor<\/strong><span style=\"font-size: 15px;\">\u00a0Maria Wilczur\u00a0<\/span>2020<br \/><strong style=\"font-size: 15px;\">Osiecka<\/strong><span style=\"font-size: 15px;\">\u00a0(serial) Agata Passent<br \/><\/span>2019<br \/><strong>Pod powierzchni\u0105 2<\/strong> (serial) Ola Kostrzewa<br \/>2018<br \/><strong>Pod powierzchni\u0105<\/strong> (serial) Ola Kostrzewa<\/h5><\/div>\n\t\t\t\t<\/div>\n\t\t\t\t<\/div>\n\t\t\t\t\t\t<\/div>\n\t\t\t\t\t<\/div>\n\t\t<\/div>\n\t\t\t\t\t\t\t\t<\/div>\n\t\t\t\t\t<\/div>\n\t\t<\/section>\n\t\t\t\t\t\t<\/div>\n\t\t\t\t\t\t<\/div>\n\t\t\t\t\t<\/div>\n\t\t","protected":false},"excerpt":{"rendered":"<p>MARIA KOWALSKA GALERIA ZDJ\u0118\u0106 &#8220;POD POWIERZCHNI\u0104&#8221; re\u017c. Borys Lankosz \u00a9TVN &#8220;POD POWIERZCHNI\u0104&#8221; foto:Adam Pluci\u0144ski \u00a9TVN &#8220;POD POWIERZCHNI\u0104&#8221; re\u017c. Borys Lankosz \u00a9TVN &#8220;POD POWIERZCHNI\u0104&#8221; re\u017c. Borys Lankosz \u00a9TVN &#8220;OSECKA&#8221; re\u017c. Robert Gli\u0144ski i Micha\u0142 Rosa &#8220;POD POWIERZCHNI\u0104&#8221; foto:Adam Pluci\u0144ski \u00a9TVN https:\/\/www.youtube.com\/watch?v=1ybowoIMKc4Video can&#8217;t be loaded because JavaScript is disabled: Znachor | Oficjalny zwiastun | Netflix (https:\/\/www.youtube.com\/watch?v=1ybowoIMKc4) FILMOGRAFIA &hellip;<\/p>\n<p class=\"read-more\"> <a class=\"\" href=\"https:\/\/diakowska.com\/?page_id=148\"> <span class=\"screen-reader-text\">MARIA KOWALSKA<\/span> Read More &raquo;<\/a><\/p>\n","protected":false},"author":2,"featured_media":0,"parent":0,"menu_order":0,"comment_status":"closed","ping_status":"closed","template":"elementor_header_footer","meta":[],"_links":{"self":[{"href":"https:\/\/diakowska.com\/index.php?rest_route=\/wp\/v2\/pages\/148"}],"collection":[{"href":"https:\/\/diakowska.com\/index.php?rest_route=\/wp\/v2\/pages"}],"about":[{"href":"https:\/\/diakowska.com\/index.php?rest_route=\/wp\/v2\/types\/page"}],"author":[{"embeddable":true,"href":"https:\/\/diakowska.com\/index.php?rest_route=\/wp\/v2\/users\/2"}],"replies":[{"embeddable":true,"href":"https:\/\/diakowska.com\/index.php?rest_route=%2Fwp%2Fv2%2Fcomments&post=148"}],"version-history":[{"count":50,"href":"https:\/\/diakowska.com\/index.php?rest_route=\/wp\/v2\/pages\/148\/revisions"}],"predecessor-version":[{"id":1708,"href":"https:\/\/diakowska.com\/index.php?rest_route=\/wp\/v2\/pages\/148\/revisions\/1708"}],"wp:attachment":[{"href":"https:\/\/diakowska.com\/index.php?rest_route=%2Fwp%2Fv2%2Fmedia&parent=148"}],"curies":[{"name":"wp","href":"https:\/\/api.w.org\/{rel}","templated":true}]}}